{"id":20,"date":"2024-05-08T09:47:59","date_gmt":"2024-05-08T09:47:59","guid":{"rendered":"https:\/\/bacaleleva.com\/?page_id=20"},"modified":"2025-08-26T09:23:37","modified_gmt":"2025-08-26T09:23:37","slug":"contact","status":"publish","type":"page","link":"https:\/\/bacaleleva.com\/?page_id=20","title":{"rendered":"Kapcsolatfelv\u00e9tel"},"content":{"rendered":"<p>Ez a weboldal a <span style=\"font-weight: 400;\">Bacaleleva Kft<\/span> tulajdona. Mindent megtesz\u00fcnk annak \u00e9rdek\u00e9ben, hogy felhaszn\u00e1l\u00f3inkat relev\u00e1ns \u00e9s hasznos inform\u00e1ci\u00f3kkal l\u00e1ssuk el.<\/p>\n<p>C\u00e9gn\u00e9v: <span style=\"font-weight: 400;\">Bacaleleva <\/span><span style=\"font-weight: 400;\">Kft<\/span><br \/>\nHivatalos c\u00edm: <span style=\"font-weight: 400;\">Szeged, Londoni krt. 22, 6722 Magyarorsz\u00e1g<\/span><br \/>\nE-mail: <a href=\"mailto:info@bacaleleva.com\">info@bacaleleva.com<\/a><br \/>\nTelefon: <a href=\"tel:+3662452131\">+3662452131<\/a><br \/>\n\u00dcgyvezet\u0151 igazgat\u00f3: Barta N\u00e1ndor<br \/>\nNyilv\u00e1ntart\u00e1si sz\u00e1m: 32990684913<br \/>\nA nyilv\u00e1ntart\u00f3 hat\u00f3s\u00e1g neve: \u00dcgyv\u00e9di Iroda N\u00e1ndor<br \/>\nA nyilv\u00e1ntart\u00f3 hat\u00f3s\u00e1g c\u00edme: Szeged, Kar\u00e1sz u. 11, 6720 Magyarorsz\u00e1g<\/p>\n<p><b>Tartalmi felel\u0151ss\u00e9g:<\/b><br \/>\nNem v\u00e1llalunk felel\u0151ss\u00e9get a weboldalunkon esetlegesen el\u00e9rhet\u0151, harmadik felek honlapjaira mutat\u00f3 linkek tartalm\u00e1\u00e9rt. Az ilyen linkek tartalm\u00e1\u00e9rt a tulajdonosok viselnek minden felel\u0151ss\u00e9get. Nem v\u00e1llalunk felel\u0151ss\u00e9get semmilyen k\u00f6zvetlen vagy k\u00f6zvetett k\u00e1r\u00e9rt, amely a honlapunkon tal\u00e1lhat\u00f3 inform\u00e1ci\u00f3k haszn\u00e1lat\u00e1b\u00f3l ered.<\/p>\n<p><b>Szerz\u0151i jog:<\/b><br \/>\nA honlapunkon tal\u00e1lhat\u00f3 minden anyag, bele\u00e9rtve a sz\u00f6veget, k\u00e9peket, grafik\u00e1kat, designt \u00e9s szoftvereket, szerz\u0151i jogi v\u00e9delem alatt \u00e1ll. Haszn\u00e1lata vagy terjeszt\u00e9se a szerz\u0151i jog tulajdonos\u00e1nak enged\u00e9lye n\u00e9lk\u00fcl tilos.<\/p>\n<p><b>Kapcsolattart\u00e1si inform\u00e1ci\u00f3k:<\/b><br \/>\nHa b\u00e1rmilyen k\u00e9rd\u00e9se vagy \u00e9szrev\u00e9tele van a weboldalunkkal vagy v\u00e1llalatunkkal kapcsolatban, k\u00e9rj\u00fck, l\u00e9pjen kapcsolatba vel\u00fcnk a fent megadott el\u00e9rhet\u0151s\u00e9geken.<\/p>\n<p><b>Adatv\u00e9delmi ir\u00e1nyelvek:<\/b><br \/>\nTiszteletben tartjuk a mag\u00e1n\u00e9let\u00e9t \u00e9s v\u00e9dj\u00fck szem\u00e9lyes adatait. Tov\u00e1bbi inform\u00e1ci\u00f3k\u00e9rt tekintse meg adatv\u00e9delmi szab\u00e1lyzatunkat.<\/p>\n","protected":false},"excerpt":{"rendered":"<p>Ez a weboldal a Bacaleleva Kft tulajdona. Mindent megtesz\u00fcnk annak \u00e9rdek\u00e9ben, hogy felhaszn\u00e1l\u00f3inkat relev\u00e1ns \u00e9s hasznos inform\u00e1ci\u00f3kkal l\u00e1ssuk el. C\u00e9gn\u00e9v: Bacaleleva Kft Hivatalos c\u00edm: Szeged, Londoni krt. 22, 6722 Magyarorsz\u00e1g&hellip;<\/p>\n","protected":false},"author":1,"featured_media":0,"parent":0,"menu_order":0,"comment_status":"closed","ping_status":"closed","template":"","meta":{"footnotes":""},"class_list":["post-20","page","type-page","status-publish","hentry"],"_links":{"self":[{"href":"https:\/\/bacaleleva.com\/index.php?rest_route=\/wp\/v2\/pages\/20","targetHints":{"allow":["GET"]}}],"collection":[{"href":"https:\/\/bacaleleva.com\/index.php?rest_route=\/wp\/v2\/pages"}],"about":[{"href":"https:\/\/bacaleleva.com\/index.php?rest_route=\/wp\/v2\/types\/page"}],"author":[{"embeddable":true,"href":"https:\/\/bacaleleva.com\/index.php?rest_route=\/wp\/v2\/users\/1"}],"replies":[{"embeddable":true,"href":"https:\/\/bacaleleva.com\/index.php?rest_route=%2Fwp%2Fv2%2Fcomments&post=20"}],"version-history":[{"count":7,"href":"https:\/\/bacaleleva.com\/index.php?rest_route=\/wp\/v2\/pages\/20\/revisions"}],"predecessor-version":[{"id":560,"href":"https:\/\/bacaleleva.com\/index.php?rest_route=\/wp\/v2\/pages\/20\/revisions\/560"}],"wp:attachment":[{"href":"https:\/\/bacaleleva.com\/index.php?rest_route=%2Fwp%2Fv2%2Fmedia&parent=20"}],"curies":[{"name":"wp","href":"https:\/\/api.w.org\/{rel}","templated":true}]}}